{"id":6798,"date":"2017-07-03T13:17:05","date_gmt":"2017-07-03T13:17:05","guid":{"rendered":"https:\/\/meducom.nl\/medical-education\/"},"modified":"2019-12-09T15:44:51","modified_gmt":"2019-12-09T15:44:51","slug":"medizinische-ausbildung","status":"publish","type":"page","link":"https:\/\/vh2020obgsl-1.hosting-space.nl\/de\/medizinische-ausbildung\/","title":{"rendered":"Medizinische Ausbildung"},"content":{"rendered":"[vc_row type=&#8220;full_width_background&#8220; full_screen_row_position=&#8220;middle&#8220; bg_image=&#8220;6558&#8243; bg_position=&#8220;left top&#8220; bg_repeat=&#8220;no-repeat&#8220; bg_color=&#8220;#8587c1&#8243; scene_position=&#8220;center&#8220; text_color=&#8220;light&#8220; text_align=&#8220;left&#8220; top_padding=&#8220;50&#8243; bottom_padding=&#8220;50&#8243; enable_gradient=&#8220;true&#8220; color_overlay=&#8220;#000000&#8243; color_overlay_2=&#8220;#223e98&#8243; gradient_direction=&#8220;left_to_right&#8220; overlay_strength=&#8220;0.95&#8243;][vc_column column_padding=&#8220;no-extra-padding&#8220; column_padding_position=&#8220;all&#8220; background_color_opacity=&#8220;1&#8243; background_hover_color_opacity=&#8220;1&#8243; column_shadow=&#8220;none&#8220; width=&#8220;1\/1&#8243; tablet_text_alignment=&#8220;default&#8220; phone_text_alignment=&#8220;default&#8220; column_border_width=&#8220;none&#8220; column_border_style=&#8220;solid&#8220;]<div class=\"divider-wrap\"><div style=\"height: 100px;\" class=\"divider\"><\/div><\/div>[vc_row_inner equal_height=&#8220;yes&#8220; content_placement=&#8220;middle&#8220; column_margin=&#8220;default&#8220; text_align=&#8220;left&#8220;][vc_column_inner column_padding=&#8220;no-extra-padding&#8220; column_padding_position=&#8220;all&#8220; background_color_opacity=&#8220;1&#8243; width=&#8220;1\/2&#8243; column_border_width=&#8220;none&#8220; column_border_style=&#8220;solid&#8220;][split_line_heading]\n<h3>Wissen + Einsicht = Auswirkung<\/h3>\n[\/split_line_heading][vc_column_text]\n<ul>\n<li>Medizinische Produkte befinden sich nicht nur st\u00e4ndig im Rampenlicht der Wissenschaft, sondern auch von den Medien. Auch erfolgreiche Medikamente werden zur\u00fcckgenommen, wenn schwerwiegende Nebenwirkungen auftreten. (z.B. Rosiglitazon (Avandia), Rofecoxib (Vioxx), Paroxetine (Seroxat)<\/li>\n<li>Die F\u00fclle an medizinischen Informationen steigt rasant ( Internet, Twitter, Blogs, TV,..) Es wird immer schwieriger das zu finden was Sie wirklich suchen.<\/li>\n<li>Medizinische Informationen, speziell von Experten, sind oft kompliziert und schwer zug\u00e4nglich.<\/li>\n<li>Patienten werden immer durchsetzungsf\u00e4higer und besser organisiert.<\/li>\n<li>Seitens der Politik wird im medizinischen Sektor gro\u00dfer Wert darauf gelegt, transparenter zu werden und die Preise zu senken.<\/li>\n<li>Es gibt eine Menge Umsatz in medizinischen Unternehmen, Mitarbeiter m\u00fcssen kontinuierlich ausgebildet und umgeschult werden.<\/li>\n<\/ul>\n<p>All diese Punkte zwingen ein Unternehmen und die Belegschaft st\u00e4ndig am Ball zu bleiben, immer auf dem neuesten Stand zu sein und zu filtern welche Notwendigkeit besteht um ausreichend informiert zu sein.<\/p>\n<p>Wenn Sie Ihrem Produkt oder Ihren Mitarbeitern den Vorteil gegen\u00fcber Ihrer Konkurrenz gew\u00e4hren, indem dass sie st\u00e4ndig am Ball bleiben, gehen weniger Informationen verloren und Ihr Unternehmen gewinnt an Kunden und Wert. Es ist daher sehr wichtig, Kurse anzubieten, die auf unterschiedlichste Weise den Bed\u00fcrfnissen Ihrer Mitarbeiter gerecht wird, sodass sie am besten verstehen und die USP Ihrer Produkte\/Dienstleistungen unterst\u00fctzen. Schlie\u00dflich sind Ihre Mitarbeiter f\u00fcr Ihr Produkt \/ bzw. Ihre Dienstleistung das Aush\u00e4ngeschild Ihres Unternehmens.[\/vc_column_text][\/vc_column_inner][vc_column_inner column_padding=&#8220;no-extra-padding&#8220; column_padding_position=&#8220;all&#8220; background_color_opacity=&#8220;1&#8243; width=&#8220;1\/2&#8243; column_border_width=&#8220;none&#8220; column_border_style=&#8220;solid&#8220; enable_border_animation=&#8220;true&#8220;]<div class=\"divider-wrap\"><div style=\"height: 40px;\" class=\"divider\"><\/div><\/div>[nectar_cascading_images image_1_offset_x_sign=&#8220;+&#8220; image_1_offset_x=&#8220;0%&#8220; image_1_offset_y_sign=&#8220;+&#8220; image_1_offset_y=&#8220;0%&#8220; image_1_rotate_sign=&#8220;+&#8220; image_1_rotate=&#8220;none&#8220; image_1_animation=&#8220;Grow In&#8220; image_1_box_shadow=&#8220;none&#8220; image_2_url=&#8220;6558&#8243; image_2_offset_x_sign=&#8220;-&#8220; image_2_offset_x=&#8220;25%&#8220; image_2_offset_y_sign=&#8220;+&#8220; image_2_offset_y=&#8220;30%&#8220; image_2_rotate_sign=&#8220;+&#8220; image_2_rotate=&#8220;none&#8220; image_2_animation=&#8220;Grow In&#8220; image_2_box_shadow=&#8220;none&#8220; image_3_url=&#8220;6559&#8243; image_3_offset_x_sign=&#8220;+&#8220; image_3_offset_x=&#8220;15%&#8220; image_3_offset_y_sign=&#8220;-&#8220; image_3_offset_y=&#8220;30%&#8220; image_3_rotate_sign=&#8220;+&#8220; image_3_rotate=&#8220;none&#8220; image_3_animation=&#8220;Grow In&#8220; image_3_box_shadow=&#8220;x_large_depth&#8220; image_4_offset_x_sign=&#8220;+&#8220; image_4_offset_x=&#8220;0%&#8220; image_4_offset_y_sign=&#8220;+&#8220; image_4_offset_y=&#8220;0%&#8220; image_4_rotate_sign=&#8220;+&#8220; image_4_rotate=&#8220;none&#8220; image_4_animation=&#8220;Fade In&#8220; image_4_box_shadow=&#8220;none&#8220;][\/vc_column_inner][\/vc_row_inner][\/vc_column][\/vc_row][vc_row type=&#8220;full_width_background&#8220; full_screen_row_position=&#8220;middle&#8220; bg_color=&#8220;#ffffff&#8220; scene_position=&#8220;center&#8220; text_color=&#8220;dark&#8220; text_align=&#8220;left&#8220; top_padding=&#8220;50&#8243; bottom_padding=&#8220;50&#8243; overlay_strength=&#8220;0.3&#8243;][vc_column column_padding=&#8220;no-extra-padding&#8220; column_padding_position=&#8220;all&#8220; background_color_opacity=&#8220;1&#8243; background_hover_color_opacity=&#8220;1&#8243; column_shadow=&#8220;none&#8220; width=&#8220;2\/3&#8243; tablet_text_alignment=&#8220;default&#8220; phone_text_alignment=&#8220;default&#8220; column_border_width=&#8220;none&#8220; column_border_style=&#8220;solid&#8220;][vc_row_inner column_margin=&#8220;default&#8220; text_align=&#8220;left&#8220;][vc_column_inner enable_animation=&#8220;true&#8220; animation=&#8220;fade-in-from-bottom&#8220; column_padding=&#8220;no-extra-padding&#8220; column_padding_position=&#8220;left-right&#8220; background_color_opacity=&#8220;1&#8243; width=&#8220;1\/1&#8243; column_border_width=&#8220;none&#8220; column_border_style=&#8220;solid&#8220; delay=&#8220;50&#8243;]<div class=\"divider-wrap\"><div style=\"height: 50px;\" class=\"divider\"><\/div><\/div>[vc_custom_heading text=&#8220;Portfolio Medizinische Ausbildung &#8220; font_container=&#8220;tag:h3|text_align:left|color:%23223e98&#8243; use_theme_fonts=&#8220;yes&#8220;]<div class=\"divider-wrap\"><div style=\"height: 30px;\" class=\"divider\"><\/div><\/div>[vc_column_text css=&#8220;.vc_custom_1528375209814{margin-top: -8px !important;margin-bottom: -8px !important;}&#8220;]\n<h3>Jedes Produkt, jedes Unternehmen und jeder Mitarbeiter ist einzigartig<\/h3>\n<p>MeducoMeducom bietet Ihnen Ideen und L\u00f6sungen, die auf allen Ebenen, f\u00fcr die jeweiligen Bed\u00fcrfnisse und Ziele zugeschnitten sind. Beispiele f\u00fcr unsere Leistungen:<\/p>\n<ul>\n<li style=\"list-style-type: none;\">\n<ul>\n<li>Allgemeine medizinische Ausbildung: Anatomie, Physiologie, Pathologie<\/li>\n<li>Allgemeine pharmazeutische Ausbildung<\/li>\n<li>Produkt, Indikation und krankheitsspezifische Ausbildungen<\/li>\n<li>Spezifische Immunologie, Onkologie und Biologicals Ausbildung<\/li>\n<li>Professionelle Trainingsprogramme (auf Wunsch CME akkreditiert)<\/li>\n<li>Verfassen \/Schreiben von medizinischen Publikationen<\/li>\n<li>Schnelles und effektives Lesen und Verst\u00e4ndnis von medizinischen und klinischen Studienpublikationen sowie das Erkennen von f\u00f6rderlichen Informationen in der Literatur<\/li>\n<li>Ausbildung und Unterst\u00fctzung in der klinischen Forschung<\/li>\n<li>Individuell angepasste medizinische Ausbildungsmodelle auf Ihre Bed\u00fcrfnisse angepasst.<\/li>\n<\/ul>\n<\/li>\n<\/ul>\n<p>Wenn Sie mehr \u00fcber unsere Programme wissen m\u00f6chten oder ob wir mit Ihnen ein ma\u00dfgeschneidertes Ausbildungskonzept erarbeiten k\u00f6nnen, dann bitten wir Sie uns zu\u00a0<a href=\"\/de\/kontakt\/\" target=\"_blank\" rel=\"noopener noreferrer\">kontaktieren<\/a>.[\/vc_column_text][\/vc_column_inner][\/vc_row_inner][\/vc_column][vc_column column_padding=&#8220;no-extra-padding&#8220; column_padding_position=&#8220;all&#8220; background_color_opacity=&#8220;1&#8243; background_hover_color_opacity=&#8220;1&#8243; column_shadow=&#8220;none&#8220; width=&#8220;1\/3&#8243; tablet_text_alignment=&#8220;default&#8220; phone_text_alignment=&#8220;default&#8220; column_border_width=&#8220;none&#8220; column_border_style=&#8220;solid&#8220; enable_border_animation=&#8220;true&#8220;]<div class=\"img-with-aniamtion-wrap center\" data-max-width=\"100%\"><div class=\"inner\"><img loading=\"lazy\" decoding=\"async\" data-shadow=\"none\" data-shadow-direction=\"middle\" class=\"img-with-animation \" data-delay=\"0\" height=\"2121\" width=\"1414\" data-animation=\"fade-in-from-right\" src=\"https:\/\/vh2020obgsl-1.hosting-space.nl\/wp-content\/uploads\/2018\/03\/Medical-Education-ID-477815170_co.jpg\" srcset=\"https:\/\/vh2020obgsl-1.hosting-space.nl\/wp-content\/uploads\/2018\/03\/Medical-Education-ID-477815170_co.jpg 1414w, https:\/\/vh2020obgsl-1.hosting-space.nl\/wp-content\/uploads\/2018\/03\/Medical-Education-ID-477815170_co-200x300.jpg 200w, https:\/\/vh2020obgsl-1.hosting-space.nl\/wp-content\/uploads\/2018\/03\/Medical-Education-ID-477815170_co-768x1152.jpg 768w, https:\/\/vh2020obgsl-1.hosting-space.nl\/wp-content\/uploads\/2018\/03\/Medical-Education-ID-477815170_co-683x1024.jpg 683w\" sizes=\"auto, 100vw\" alt=\"\" \/><\/div><\/div>[\/vc_column][\/vc_row]\n","protected":false},"excerpt":{"rendered":"<p>[vc_row type=&#8220;full_width_background&#8220; full_screen_row_position=&#8220;middle&#8220; bg_image=&#8220;6558&#8243; bg_position=&#8220;left top&#8220; bg_repeat=&#8220;no-repeat&#8220; bg_color=&#8220;#8587c1&#8243; scene_position=&#8220;center&#8220; text_color=&#8220;light&#8220; text_align=&#8220;left&#8220; top_padding=&#8220;50&#8243; bottom_padding=&#8220;50&#8243; enable_gradient=&#8220;true&#8220; color_overlay=&#8220;#000000&#8243;&#8230;<\/p>\n","protected":false},"author":2,"featured_media":0,"parent":0,"menu_order":0,"comment_status":"closed","ping_status":"closed","template":"","meta":{"footnotes":""},"class_list":["post-6798","page","type-page","status-publish","hentry"],"_links":{"self":[{"href":"https:\/\/vh2020obgsl-1.hosting-space.nl\/de\/wp-json\/wp\/v2\/pages\/6798","targetHints":{"allow":["GET"]}}],"collection":[{"href":"https:\/\/vh2020obgsl-1.hosting-space.nl\/de\/wp-json\/wp\/v2\/pages"}],"about":[{"href":"https:\/\/vh2020obgsl-1.hosting-space.nl\/de\/wp-json\/wp\/v2\/types\/page"}],"author":[{"embeddable":true,"href":"https:\/\/vh2020obgsl-1.hosting-space.nl\/de\/wp-json\/wp\/v2\/users\/2"}],"replies":[{"embeddable":true,"href":"https:\/\/vh2020obgsl-1.hosting-space.nl\/de\/wp-json\/wp\/v2\/comments?post=6798"}],"version-history":[{"count":6,"href":"https:\/\/vh2020obgsl-1.hosting-space.nl\/de\/wp-json\/wp\/v2\/pages\/6798\/revisions"}],"predecessor-version":[{"id":7491,"href":"https:\/\/vh2020obgsl-1.hosting-space.nl\/de\/wp-json\/wp\/v2\/pages\/6798\/revisions\/7491"}],"wp:attachment":[{"href":"https:\/\/vh2020obgsl-1.hosting-space.nl\/de\/wp-json\/wp\/v2\/media?parent=6798"}],"curies":[{"name":"wp","href":"https:\/\/api.w.org\/{rel}","templated":true}]}}