{"id":6794,"date":"2017-07-03T12:54:41","date_gmt":"2017-07-03T12:54:41","guid":{"rendered":"https:\/\/meducom.nl\/medical-communication\/"},"modified":"2018-06-07T12:02:39","modified_gmt":"2018-06-07T12:02:39","slug":"medizinische-kommunikation","status":"publish","type":"page","link":"https:\/\/vh2020obgsl-1.hosting-space.nl\/de\/medizinische-kommunikation\/","title":{"rendered":"Medizinische Kommunikation"},"content":{"rendered":"[vc_row type=&#8220;full_width_background&#8220; full_screen_row_position=&#8220;middle&#8220; bg_image=&#8220;6565&#8243; bg_position=&#8220;left top&#8220; bg_repeat=&#8220;no-repeat&#8220; bg_color=&#8220;#8587c1&#8243; scene_position=&#8220;center&#8220; text_color=&#8220;light&#8220; text_align=&#8220;left&#8220; top_padding=&#8220;50&#8243; bottom_padding=&#8220;50&#8243; enable_gradient=&#8220;true&#8220; color_overlay=&#8220;#000000&#8243; color_overlay_2=&#8220;#223e98&#8243; gradient_direction=&#8220;left_to_right&#8220; overlay_strength=&#8220;0.95&#8243;][vc_column column_padding=&#8220;no-extra-padding&#8220; column_padding_position=&#8220;all&#8220; background_color_opacity=&#8220;1&#8243; background_hover_color_opacity=&#8220;1&#8243; column_shadow=&#8220;none&#8220; width=&#8220;1\/1&#8243; tablet_text_alignment=&#8220;default&#8220; phone_text_alignment=&#8220;default&#8220; column_border_width=&#8220;none&#8220; column_border_style=&#8220;solid&#8220;]<div class=\"divider-wrap\"><div style=\"height: 100px;\" class=\"divider\"><\/div><\/div>[vc_row_inner equal_height=&#8220;yes&#8220; content_placement=&#8220;middle&#8220; column_margin=&#8220;default&#8220; text_align=&#8220;left&#8220;][vc_column_inner column_padding=&#8220;no-extra-padding&#8220; column_padding_position=&#8220;all&#8220; background_color_opacity=&#8220;1&#8243; width=&#8220;1\/2&#8243; column_border_width=&#8220;none&#8220; column_border_style=&#8220;solid&#8220;][split_line_heading]\n<h3>Wissen Effektiv und klar Vermitteln<\/h3>\n[\/split_line_heading][vc_custom_heading text=&#8220;Effektive medizinische Kommunikation war noch nie so wichtig! Durch das Internet gibt es immer mehr Informationen.&#8220; font_container=&#8220;tag:h4|text_align:left|color:rgba(255%2C255%2C255%2C0.74)&#8220; use_theme_fonts=&#8220;yes&#8220; css_animation=&#8220;fadeInUp&#8220;][vc_column_text]Die Nachfrage an Informationen steigt, da sich Patienten aktiv an der Diagnose und Behandlungsm\u00f6glichkeit interessieren. Die richtige Information zu finden ist oft gar nicht so einfach. Auch wenn die korrekte Information gefunden wird, ist diese nicht immer zug\u00e4nglich, beziehungsweise verst\u00e4ndlich f\u00fcr einen Laien.<\/p>\n<p>Da so viele komplexe Informationen f\u00fcr jedermann zug\u00e4nglich sind, kann Ihr Publikum leicht an falsche oder unzureichende Informationen gelangen. Dies erfordert eine effiziente, ma\u00dfgeschneiderte und kundenspezifische L\u00f6sung f\u00fcr eine optimale externe Kommunikation, abgestimmt auf Ihre Alleinstellungsmerkmale.<\/p>\n<p>Meducom sichert das alle Kenntnisse und Information Ihrer Produkte oder Dienstleistungen zusammen kommen, um somit eine klare Botschaft an Ihre Zielgruppen richten zu k\u00f6nnen.[\/vc_column_text][\/vc_column_inner][vc_column_inner column_padding=&#8220;no-extra-padding&#8220; column_padding_position=&#8220;all&#8220; background_color_opacity=&#8220;1&#8243; width=&#8220;1\/2&#8243; column_border_width=&#8220;none&#8220; column_border_style=&#8220;solid&#8220;]<div class=\"divider-wrap\"><div style=\"height: 40px;\" class=\"divider\"><\/div><\/div>[nectar_cascading_images image_1_offset_x_sign=&#8220;+&#8220; image_1_offset_x=&#8220;0%&#8220; image_1_offset_y_sign=&#8220;+&#8220; image_1_offset_y=&#8220;0%&#8220; image_1_rotate_sign=&#8220;+&#8220; image_1_rotate=&#8220;none&#8220; image_1_animation=&#8220;Grow In&#8220; image_1_box_shadow=&#8220;none&#8220; image_2_url=&#8220;6565&#8243; image_2_offset_x_sign=&#8220;-&#8220; image_2_offset_x=&#8220;25%&#8220; image_2_offset_y_sign=&#8220;+&#8220; image_2_offset_y=&#8220;30%&#8220; image_2_rotate_sign=&#8220;+&#8220; image_2_rotate=&#8220;none&#8220; image_2_animation=&#8220;Grow In&#8220; image_2_box_shadow=&#8220;none&#8220; image_3_url=&#8220;6323&#8243; image_3_offset_x_sign=&#8220;+&#8220; image_3_offset_x=&#8220;15%&#8220; image_3_offset_y_sign=&#8220;-&#8220; image_3_offset_y=&#8220;30%&#8220; image_3_rotate_sign=&#8220;+&#8220; image_3_rotate=&#8220;none&#8220; image_3_animation=&#8220;Grow In&#8220; image_3_box_shadow=&#8220;x_large_depth&#8220; image_4_offset_x_sign=&#8220;+&#8220; image_4_offset_x=&#8220;0%&#8220; image_4_offset_y_sign=&#8220;+&#8220; image_4_offset_y=&#8220;0%&#8220; image_4_rotate_sign=&#8220;+&#8220; image_4_rotate=&#8220;none&#8220; image_4_animation=&#8220;Fade In&#8220; image_4_box_shadow=&#8220;none&#8220;][\/vc_column_inner][\/vc_row_inner][\/vc_column][\/vc_row][vc_row type=&#8220;full_width_background&#8220; full_screen_row_position=&#8220;middle&#8220; bg_color=&#8220;#ffffff&#8220; scene_position=&#8220;center&#8220; text_color=&#8220;dark&#8220; text_align=&#8220;left&#8220; top_padding=&#8220;7%&#8220; bottom_padding=&#8220;7%&#8220; overlay_strength=&#8220;0.3&#8243;][vc_column column_padding=&#8220;no-extra-padding&#8220; column_padding_position=&#8220;all&#8220; background_color_opacity=&#8220;1&#8243; background_hover_color_opacity=&#8220;1&#8243; column_shadow=&#8220;none&#8220; width=&#8220;1\/6&#8243; tablet_text_alignment=&#8220;default&#8220; phone_text_alignment=&#8220;default&#8220; column_border_width=&#8220;none&#8220; column_border_style=&#8220;solid&#8220;][\/vc_column][vc_column column_padding=&#8220;no-extra-padding&#8220; column_padding_position=&#8220;all&#8220; background_color_opacity=&#8220;1&#8243; background_hover_color_opacity=&#8220;1&#8243; column_shadow=&#8220;none&#8220; width=&#8220;2\/3&#8243; tablet_text_alignment=&#8220;default&#8220; phone_text_alignment=&#8220;default&#8220; column_border_width=&#8220;none&#8220; column_border_style=&#8220;solid&#8220;][vc_row_inner column_margin=&#8220;default&#8220; text_align=&#8220;left&#8220;][vc_column_inner enable_animation=&#8220;true&#8220; animation=&#8220;fade-in-from-bottom&#8220; column_padding=&#8220;no-extra-padding&#8220; column_padding_position=&#8220;left-right&#8220; background_color_opacity=&#8220;1&#8243; width=&#8220;1\/1&#8243; column_border_width=&#8220;none&#8220; column_border_style=&#8220;solid&#8220; delay=&#8220;50&#8243;][vc_custom_heading text=&#8220;Wie Wir Arbeiten<br \/>\n&#8220; font_container=&#8220;tag:h3|text_align:center|color:%23223e98&#8243; use_theme_fonts=&#8220;yes&#8220;]<div class=\"divider-wrap\"><div style=\"height: 30px;\" class=\"divider\"><\/div><\/div>[vc_column_text css=&#8220;.vc_custom_1528372956296{margin-top: -8px !important;margin-bottom: -8px !important;}&#8220;]\n<h3>Jedes Produkt, jede Dienstleistung, jedes Unternehmen und jedes Publikum ist einzigartig.<\/h3>\n<p>Deshalb bietet Meducom kundenspezifische Kommunikationsl\u00f6sungen, die ganz auf Ihre Bed\u00fcrfnisse und Ziele abgestimmt sind.<\/p>\n<p>Beispiele von unseren Leistungen:<\/p>\n<ul>\n<li>Formulierung einer \u00fcberzeugenden Kommunikationsempfehlung auf Basis Ihrer Produkt- oder Dienstleistungs USPs<\/li>\n<li>Erstellen von Produktpr\u00e4sentationen, Brosch\u00fcren und Ordnern die klar \u00fcberzeugen<\/li>\n<li>Unterst\u00fctzung oder Erstellung von Vortr\u00e4gen, Pr\u00e4sentationen und Konferenzen<\/li>\n<li>Organisieren, Pr\u00e4sentieren, Moderieren oder Vorsitzen von Diskussionen in Beratungsgremien oder hochkar\u00e4tigen medizinisch-wissenschaftlichen Veranstaltungen<\/li>\n<li>Zus\u00e4tzliche medizinische Kommunikationsberatung:\n<ul type=\"circle\">\n<li>Analyse von Produkten mit Gebrauchsanweisung<\/li>\n<li>Medizinische Informationen (Literatur, B\u00fccher, Websites) gelegentlich\/ad- hoc oder dauerhaft analysieren oder \u00fcberpr\u00fcfen<\/li>\n<li>Schreiben von Berichten f\u00fcr medizinische Veranstaltungen und Konferenzen<\/li>\n<li>Medizinische wissenschaftliche Dossiers erstellen f\u00fcr externe Kommunikation, wie z.B. an (Offiziellen) Beh\u00f6rden<\/li>\n<li>Allgemeine medizinische Informationen<\/li>\n<li>Wettbewerbsf\u00e4hige Intelligenz<\/li>\n<\/ul>\n<\/li>\n<\/ul>\n<p>Wenn Sie weitere Informationen \u00fcber unsere Dienstleistungen oder M\u00f6glichkeiten f\u00fcr die medizinische Kommunikation ben\u00f6tigen, kontaktieren Sie uns bitte: \u00dcber unsere Website (klicken Sie\u00a0<a href=\"\/de\/kontakt\/\" target=\"_blank\" rel=\"noopener\">HIER<\/a>\u00a0f\u00fcr das Kontaktformular), per\u00a0<a href=\"mailto:contact@meducom.nl\">e-mail<\/a>\u00a0oder Telefon (+31 229-561 688) Wir helfen Ihnen gerne weiter![\/vc_column_text][\/vc_column_inner][\/vc_row_inner][\/vc_column][vc_column column_padding=&#8220;no-extra-padding&#8220; column_padding_position=&#8220;all&#8220; background_color_opacity=&#8220;1&#8243; background_hover_color_opacity=&#8220;1&#8243; column_shadow=&#8220;none&#8220; width=&#8220;1\/6&#8243; tablet_text_alignment=&#8220;default&#8220; phone_text_alignment=&#8220;default&#8220; column_border_width=&#8220;none&#8220; column_border_style=&#8220;solid&#8220;][\/vc_column][\/vc_row]\n","protected":false},"excerpt":{"rendered":"<p>[vc_row type=&#8220;full_width_background&#8220; full_screen_row_position=&#8220;middle&#8220; bg_image=&#8220;6565&#8243; bg_position=&#8220;left top&#8220; bg_repeat=&#8220;no-repeat&#8220; bg_color=&#8220;#8587c1&#8243; scene_position=&#8220;center&#8220; text_color=&#8220;light&#8220; text_align=&#8220;left&#8220; top_padding=&#8220;50&#8243; bottom_padding=&#8220;50&#8243; enable_gradient=&#8220;true&#8220; color_overlay=&#8220;#000000&#8243;&#8230;<\/p>\n","protected":false},"author":2,"featured_media":0,"parent":0,"menu_order":0,"comment_status":"closed","ping_status":"closed","template":"","meta":{"footnotes":""},"class_list":["post-6794","page","type-page","status-publish","hentry"],"_links":{"self":[{"href":"https:\/\/vh2020obgsl-1.hosting-space.nl\/de\/wp-json\/wp\/v2\/pages\/6794","targetHints":{"allow":["GET"]}}],"collection":[{"href":"https:\/\/vh2020obgsl-1.hosting-space.nl\/de\/wp-json\/wp\/v2\/pages"}],"about":[{"href":"https:\/\/vh2020obgsl-1.hosting-space.nl\/de\/wp-json\/wp\/v2\/types\/page"}],"author":[{"embeddable":true,"href":"https:\/\/vh2020obgsl-1.hosting-space.nl\/de\/wp-json\/wp\/v2\/users\/2"}],"replies":[{"embeddable":true,"href":"https:\/\/vh2020obgsl-1.hosting-space.nl\/de\/wp-json\/wp\/v2\/comments?post=6794"}],"version-history":[{"count":4,"href":"https:\/\/vh2020obgsl-1.hosting-space.nl\/de\/wp-json\/wp\/v2\/pages\/6794\/revisions"}],"predecessor-version":[{"id":7188,"href":"https:\/\/vh2020obgsl-1.hosting-space.nl\/de\/wp-json\/wp\/v2\/pages\/6794\/revisions\/7188"}],"wp:attachment":[{"href":"https:\/\/vh2020obgsl-1.hosting-space.nl\/de\/wp-json\/wp\/v2\/media?parent=6794"}],"curies":[{"name":"wp","href":"https:\/\/api.w.org\/{rel}","templated":true}]}}